{"id":48,"date":"2026-03-05T15:53:40","date_gmt":"2026-03-05T15:53:40","guid":{"rendered":"https:\/\/clapduo.be\/?page_id=48"},"modified":"2026-03-05T15:59:30","modified_gmt":"2026-03-05T15:59:30","slug":"clap-duo","status":"publish","type":"page","link":"https:\/\/clapduo.be\/?page_id=48","title":{"rendered":"ClaP duo"},"content":{"rendered":"\n<p><\/p>\n\n\n\n<div class=\"wp-block-media-text is-stacked-on-mobile\"><figure class=\"wp-block-media-text__media\"><img loading=\"lazy\" decoding=\"async\" width=\"377\" height=\"251\" src=\"https:\/\/clapduo.be\/wp-content\/uploads\/2026\/02\/WhatsApp-Image-2026-02-19-at-17.30.17-12.jpeg\" alt=\"\" class=\"wp-image-17 size-full\" srcset=\"https:\/\/clapduo.be\/wp-content\/uploads\/2026\/02\/WhatsApp-Image-2026-02-19-at-17.30.17-12.jpeg 377w, https:\/\/clapduo.be\/wp-content\/uploads\/2026\/02\/WhatsApp-Image-2026-02-19-at-17.30.17-12-300x200.jpeg 300w\" sizes=\"auto, (max-width: 377px) 100vw, 377px\" \/><\/figure><div class=\"wp-block-media-text__content\">\n<p>Depuis sa cr\u00e9ation en 2015, le ClaP Duo explore l\u2019univers sonore singulier de la clarinette associ\u00e9e aux percussions \u00e0 clavier \u2014 marimba et vibraphone. Fid\u00e8le \u00e0 une d\u00e9marche artistique originale, le duo oscille entre cr\u00e9ations pour le jeune public, en collaboration avec la Compagnie du Simorgh (Tooma\u00ef des \u00e9l\u00e9phants, Tapapeur !?, L\u2019amour des 3 oranges), et musique classique contemporaine.<\/p>\n\n\n\n<p>Souhaitant enrichir le r\u00e9pertoire pour cette formation unique, Pierre et Charles ont command\u00e9 et cr\u00e9\u00e9 de nombreuses \u0153uvres in\u00e9dites aupr\u00e8s de compositeur.ices belges. Leur longue amiti\u00e9 et leur travail commun au Conservatoire Royal de Bruxelles et dans l\u2019ensemble Musiques Nouvelles se traduisent dans une musique o\u00f9 le souffle et le bois dialoguent en parfaite symbiose, donnant vie \u00e0 un univers sonore \u00e0 la fois sensible, vibrant et \u00e9tonnamment original.<\/p>\n<\/div><\/div>\n\n\n\n<h2 class=\"wp-block-heading\">Charles Michiels<\/h2>\n\n\n\n<p>Clarinettiste et chef de ch\u0153ur, fit ses \u00e9tudes artistiques aux Conservatoires de Tournai, Mons et Bruxelles.\u00a0<\/p>\n\n\n\n<p>Il s\u2019est distingu\u00e9 lors de concours nationaux et internationaux et est notamment premier laur\u00e9at au concours de l\u2019International Clarinet Association \u00e0 Lubbock (1997, Texas, USA) et laur\u00e9at au&nbsp;&nbsp;Concours International de Dos Hermanas (1996, S\u00e9ville, Espagne).<\/p>\n\n\n\n<p>&nbsp;Clarinettiste au sein de l\u2019ensemble Musiques Nouvelles, il est \u00e9galement membre fondateur du Duo Ypsilon (avec Simon Diricq, saxophones).<\/p>\n\n\n\n<p>Outre la direction d\u2019ensembles instrumentaux et vocaux pendant plus de vingt ans, il s\u2019est investi dans le centre des Jeunesses Musicales de Wallonie picarde, dont il a assum\u00e9 la direction de 2006&nbsp;&nbsp;\u00e0 2011&nbsp;; puis de 2011 \u00e0 2014 au CRR de Lille comme professeur de direction de choeur et coordinateur de la fili\u00e8re voix. Il a \u00e9galement enseign\u00e9 la clarinette au Conservatoire de Tournai de nombreuses ann\u00e9es.<\/p>\n\n\n\n<p>Actuellement, il enseigne avec passion et d\u00e9vouement&nbsp;&nbsp;la direction chorale et le chant d\u2019ensemble au Conservatoire Royal de Bruxelles, ainsi que la&nbsp;direction de choeur \u00e0 Arts2.<\/p>\n\n\n\n<p>Grand d\u00e9fenseur de la musique des XX\u00e8me et XXI\u00e8me si\u00e8cles, il promeut les compositeurs contemporains,&nbsp;&nbsp;tant dans le r\u00e9pertoire de la clarinette que dans celui des ch\u0153urs, ses deux grandes passions.<\/p>\n\n\n\n<h2 class=\"wp-block-heading\">Pierre Quiriny<\/h2>\n\n\n\n<p>Pierre d\u00e9bute ses \u00e9tudes musicales \u00e0 l\u2019Acad\u00e9mie d\u2019Anderlecht \u00e0 l\u2019\u00e2ge de sept ans. Il y suit des cours de percussion et de piano aupr\u00e8s de Jean-Claude Wets et Osvaldo Salas. En 2001, il rejoint la classe de percussion de Louison Renault au Conservatoire Royal de Bruxelles (CRB) o\u00f9 il obtient, en juin 2007, une licence en percussion avec grande distinction.\u00a0<\/p>\n\n\n\n<p>Il int\u00e8gre, cette m\u00eame ann\u00e9e, le groupe Oxymore qui remporte l\u2019ann\u00e9e suivante le premier prix de la Biennale de la Chanson Fran\u00e7aise.&nbsp;A cette \u00e9poque, il joue tr\u00e8s r\u00e9guli\u00e8rement au sein de l\u2019Orchestre National de Belgique et l\u2019Orchestre Symphonique de La Monnaie (Op\u00e9ra de Bruxelles).&nbsp;<\/p>\n\n\n\n<p>Son go\u00fbt pour la musique contemporaine le m\u00e8ne \u00e0 devenir, d\u00e8s 2008, percussionniste soliste de l\u2019Ensemble Musiques Nouvelles. En mars 2011, il int\u00e8gre l&rsquo;ECO (European Contemporary Orchestra), orchestre europ\u00e9en \u00e0 l&rsquo;effectif atypique et novateur, consacr\u00e9 \u00e0 la cr\u00e9ation contemporaine. Il y rencontre les percussionnistes Christian Bini (France) et Andr\u00e9 Groen (Pays-Bas). Ensemble ils fondent le Hop!trio, un trio de percussion d\u00e9di\u00e9 \u00e0 la cr\u00e9ation.&nbsp;<\/p>\n\n\n\n<p>Pierre int\u00e8gre, en septembre 2011, la classe de direction d&rsquo;orchestre de Philippe G\u00e9rard, au CRB. Six mois plus tard, il se voit confier la direction artistique de la Soci\u00e9t\u00e9 Royale d&rsquo;Harmonie de Braine-l&rsquo;Alleud, qu&rsquo;il dirigera jusqu&rsquo;en d\u00e9cembre 2018.&nbsp;En juin 2014, il obtient un master en direction d&rsquo;orchestre avec distinction.&nbsp;<\/p>\n\n\n\n<p>Pierre est appel\u00e9 \u00e0 diriger l&rsquo;OSJB (Orchestre Symphonique des Jeunes de Bruxelles) en janvier 2016. Il en est depuis le chef artistique et musical. Il est \u00e9galement d\u00e9sign\u00e9 chef assistant de l&rsquo;Ensemble T\u00e9l\u00e9maque (Marseille), dirig\u00e9 par Raoul Lay, en f\u00e9vrier 2017.&nbsp;<\/p>\n\n\n\n<p>Depuis janvier 2019, il assume la direction musicale du Choeur de la Vall\u00e9e, \u00e0 Linkebeek.&nbsp;<\/p>\n\n\n\n<p>Parall\u00e8lement \u00e0 son activit\u00e9 de concertiste, Pierre m\u00e8ne une carri\u00e8re de p\u00e9dagogue. Il est professeur de percussions au Conservatoire royal de Bruxelles, ainsi que professeur de percussions et ensembles instrumentaux \u00e0 l&rsquo;acad\u00e9mie d&rsquo;Anderlecht<\/p>\n","protected":false},"excerpt":{"rendered":"<p>Depuis sa cr\u00e9ation en 2015, le ClaP Duo explore l\u2019univers sonore singulier de la clarinette [&hellip;]<\/p>\n","protected":false},"author":2,"featured_media":0,"parent":0,"menu_order":0,"comment_status":"closed","ping_status":"closed","template":"","meta":{"footnotes":""},"class_list":["post-48","page","type-page","status-publish","hentry"],"yoast_head":"<!-- This site is optimized with the Yoast SEO plugin v27.0 - https:\/\/yoast.com\/product\/yoast-seo-wordpress\/ -->\n<title>ClaP duo - Clap Duo !<\/title>\n<meta name=\"robots\" content=\"index, follow, max-snippet:-1, max-image-preview:large, max-video-preview:-1\" \/>\n<link rel=\"canonical\" href=\"https:\/\/clapduo.be\/?page_id=48\" \/>\n<meta property=\"og:locale\" content=\"fr_FR\" \/>\n<meta property=\"og:type\" content=\"article\" \/>\n<meta property=\"og:title\" content=\"ClaP duo - Clap Duo !\" \/>\n<meta property=\"og:description\" content=\"Depuis sa cr\u00e9ation en 2015, le ClaP Duo explore l\u2019univers sonore singulier de la clarinette [&hellip;]\" \/>\n<meta property=\"og:url\" content=\"https:\/\/clapduo.be\/?page_id=48\" \/>\n<meta property=\"og:site_name\" content=\"Clap Duo !\" \/>\n<meta property=\"article:modified_time\" content=\"2026-03-05T15:59:30+00:00\" \/>\n<meta property=\"og:image\" content=\"https:\/\/clapduo.be\/wp-content\/uploads\/2026\/02\/WhatsApp-Image-2026-02-19-at-17.30.17-12.jpeg\" \/>\n\t<meta property=\"og:image:width\" content=\"377\" \/>\n\t<meta property=\"og:image:height\" content=\"251\" \/>\n\t<meta property=\"og:image:type\" content=\"image\/jpeg\" \/>\n<meta name=\"twitter:card\" content=\"summary_large_image\" \/>\n<meta name=\"twitter:label1\" content=\"Dur\u00e9e de lecture est.\" \/>\n\t<meta name=\"twitter:data1\" content=\"4 minutes\" \/>\n<script type=\"application\/ld+json\" class=\"yoast-schema-graph\">{\"@context\":\"https:\/\/schema.org\",\"@graph\":[{\"@type\":\"WebPage\",\"@id\":\"https:\/\/clapduo.be\/?page_id=48\",\"url\":\"https:\/\/clapduo.be\/?page_id=48\",\"name\":\"ClaP duo - Clap Duo !\",\"isPartOf\":{\"@id\":\"https:\/\/clapduo.be\/#website\"},\"primaryImageOfPage\":{\"@id\":\"https:\/\/clapduo.be\/?page_id=48#primaryimage\"},\"image\":{\"@id\":\"https:\/\/clapduo.be\/?page_id=48#primaryimage\"},\"thumbnailUrl\":\"https:\/\/clapduo.be\/wp-content\/uploads\/2026\/02\/WhatsApp-Image-2026-02-19-at-17.30.17-12.jpeg\",\"datePublished\":\"2026-03-05T15:53:40+00:00\",\"dateModified\":\"2026-03-05T15:59:30+00:00\",\"breadcrumb\":{\"@id\":\"https:\/\/clapduo.be\/?page_id=48#breadcrumb\"},\"inLanguage\":\"fr-BE\",\"potentialAction\":[{\"@type\":\"ReadAction\",\"target\":[\"https:\/\/clapduo.be\/?page_id=48\"]}]},{\"@type\":\"ImageObject\",\"inLanguage\":\"fr-BE\",\"@id\":\"https:\/\/clapduo.be\/?page_id=48#primaryimage\",\"url\":\"https:\/\/clapduo.be\/wp-content\/uploads\/2026\/02\/WhatsApp-Image-2026-02-19-at-17.30.17-12.jpeg\",\"contentUrl\":\"https:\/\/clapduo.be\/wp-content\/uploads\/2026\/02\/WhatsApp-Image-2026-02-19-at-17.30.17-12.jpeg\",\"width\":377,\"height\":251},{\"@type\":\"BreadcrumbList\",\"@id\":\"https:\/\/clapduo.be\/?page_id=48#breadcrumb\",\"itemListElement\":[{\"@type\":\"ListItem\",\"position\":1,\"name\":\"Accueil\",\"item\":\"https:\/\/clapduo.be\/\"},{\"@type\":\"ListItem\",\"position\":2,\"name\":\"ClaP duo\"}]},{\"@type\":\"WebSite\",\"@id\":\"https:\/\/clapduo.be\/#website\",\"url\":\"https:\/\/clapduo.be\/\",\"name\":\"Clap Duo !\",\"description\":\"\",\"potentialAction\":[{\"@type\":\"SearchAction\",\"target\":{\"@type\":\"EntryPoint\",\"urlTemplate\":\"https:\/\/clapduo.be\/?s={search_term_string}\"},\"query-input\":{\"@type\":\"PropertyValueSpecification\",\"valueRequired\":true,\"valueName\":\"search_term_string\"}}],\"inLanguage\":\"fr-BE\"}]}<\/script>\n<!-- \/ Yoast SEO plugin. -->","yoast_head_json":{"title":"ClaP duo - Clap Duo !","robots":{"index":"index","follow":"follow","max-snippet":"max-snippet:-1","max-image-preview":"max-image-preview:large","max-video-preview":"max-video-preview:-1"},"canonical":"https:\/\/clapduo.be\/?page_id=48","og_locale":"fr_FR","og_type":"article","og_title":"ClaP duo - Clap Duo !","og_description":"Depuis sa cr\u00e9ation en 2015, le ClaP Duo explore l\u2019univers sonore singulier de la clarinette [&hellip;]","og_url":"https:\/\/clapduo.be\/?page_id=48","og_site_name":"Clap Duo !","article_modified_time":"2026-03-05T15:59:30+00:00","og_image":[{"width":377,"height":251,"url":"https:\/\/clapduo.be\/wp-content\/uploads\/2026\/02\/WhatsApp-Image-2026-02-19-at-17.30.17-12.jpeg","type":"image\/jpeg"}],"twitter_card":"summary_large_image","twitter_misc":{"Dur\u00e9e de lecture est.":"4 minutes"},"schema":{"@context":"https:\/\/schema.org","@graph":[{"@type":"WebPage","@id":"https:\/\/clapduo.be\/?page_id=48","url":"https:\/\/clapduo.be\/?page_id=48","name":"ClaP duo - Clap Duo !","isPartOf":{"@id":"https:\/\/clapduo.be\/#website"},"primaryImageOfPage":{"@id":"https:\/\/clapduo.be\/?page_id=48#primaryimage"},"image":{"@id":"https:\/\/clapduo.be\/?page_id=48#primaryimage"},"thumbnailUrl":"https:\/\/clapduo.be\/wp-content\/uploads\/2026\/02\/WhatsApp-Image-2026-02-19-at-17.30.17-12.jpeg","datePublished":"2026-03-05T15:53:40+00:00","dateModified":"2026-03-05T15:59:30+00:00","breadcrumb":{"@id":"https:\/\/clapduo.be\/?page_id=48#breadcrumb"},"inLanguage":"fr-BE","potentialAction":[{"@type":"ReadAction","target":["https:\/\/clapduo.be\/?page_id=48"]}]},{"@type":"ImageObject","inLanguage":"fr-BE","@id":"https:\/\/clapduo.be\/?page_id=48#primaryimage","url":"https:\/\/clapduo.be\/wp-content\/uploads\/2026\/02\/WhatsApp-Image-2026-02-19-at-17.30.17-12.jpeg","contentUrl":"https:\/\/clapduo.be\/wp-content\/uploads\/2026\/02\/WhatsApp-Image-2026-02-19-at-17.30.17-12.jpeg","width":377,"height":251},{"@type":"BreadcrumbList","@id":"https:\/\/clapduo.be\/?page_id=48#breadcrumb","itemListElement":[{"@type":"ListItem","position":1,"name":"Accueil","item":"https:\/\/clapduo.be\/"},{"@type":"ListItem","position":2,"name":"ClaP duo"}]},{"@type":"WebSite","@id":"https:\/\/clapduo.be\/#website","url":"https:\/\/clapduo.be\/","name":"Clap Duo !","description":"","potentialAction":[{"@type":"SearchAction","target":{"@type":"EntryPoint","urlTemplate":"https:\/\/clapduo.be\/?s={search_term_string}"},"query-input":{"@type":"PropertyValueSpecification","valueRequired":true,"valueName":"search_term_string"}}],"inLanguage":"fr-BE"}]}},"_links":{"self":[{"href":"https:\/\/clapduo.be\/index.php?rest_route=\/wp\/v2\/pages\/48","targetHints":{"allow":["GET"]}}],"collection":[{"href":"https:\/\/clapduo.be\/index.php?rest_route=\/wp\/v2\/pages"}],"about":[{"href":"https:\/\/clapduo.be\/index.php?rest_route=\/wp\/v2\/types\/page"}],"author":[{"embeddable":true,"href":"https:\/\/clapduo.be\/index.php?rest_route=\/wp\/v2\/users\/2"}],"replies":[{"embeddable":true,"href":"https:\/\/clapduo.be\/index.php?rest_route=%2Fwp%2Fv2%2Fcomments&post=48"}],"version-history":[{"count":3,"href":"https:\/\/clapduo.be\/index.php?rest_route=\/wp\/v2\/pages\/48\/revisions"}],"predecessor-version":[{"id":53,"href":"https:\/\/clapduo.be\/index.php?rest_route=\/wp\/v2\/pages\/48\/revisions\/53"}],"wp:attachment":[{"href":"https:\/\/clapduo.be\/index.php?rest_route=%2Fwp%2Fv2%2Fmedia&parent=48"}],"curies":[{"name":"wp","href":"https:\/\/api.w.org\/{rel}","templated":true}]}}