{"id":65,"date":"2026-03-05T16:30:12","date_gmt":"2026-03-05T16:30:12","guid":{"rendered":"https:\/\/clapduo.be\/?page_id=65"},"modified":"2026-03-05T16:32:21","modified_gmt":"2026-03-05T16:32:21","slug":"archives","status":"publish","type":"page","link":"https:\/\/clapduo.be\/?page_id=65","title":{"rendered":"Archives"},"content":{"rendered":"\n<h2 class=\"wp-block-heading\">Tooma\u00ef des \u00e9l\u00e9phants<\/h2>\n\n\n\n<figure class=\"wp-block-gallery has-nested-images columns-default is-cropped wp-block-gallery-1 is-layout-flex wp-block-gallery-is-layout-flex\">\n<figure class=\"wp-block-image size-large\"><img loading=\"lazy\" decoding=\"async\" width=\"1024\" height=\"683\" data-id=\"66\" src=\"https:\/\/clapduo.be\/wp-content\/uploads\/2026\/03\/Toomai-des-elephants-2016-Pierre-Quirny-Sarah-Dupre-et-Charles-Michiels-_o-1024x683.jpg\" alt=\"\" class=\"wp-image-66\" srcset=\"https:\/\/clapduo.be\/wp-content\/uploads\/2026\/03\/Toomai-des-elephants-2016-Pierre-Quirny-Sarah-Dupre-et-Charles-Michiels-_o-1024x683.jpg 1024w, https:\/\/clapduo.be\/wp-content\/uploads\/2026\/03\/Toomai-des-elephants-2016-Pierre-Quirny-Sarah-Dupre-et-Charles-Michiels-_o-300x200.jpg 300w, https:\/\/clapduo.be\/wp-content\/uploads\/2026\/03\/Toomai-des-elephants-2016-Pierre-Quirny-Sarah-Dupre-et-Charles-Michiels-_o-768x512.jpg 768w, https:\/\/clapduo.be\/wp-content\/uploads\/2026\/03\/Toomai-des-elephants-2016-Pierre-Quirny-Sarah-Dupre-et-Charles-Michiels-_o-1536x1024.jpg 1536w, https:\/\/clapduo.be\/wp-content\/uploads\/2026\/03\/Toomai-des-elephants-2016-Pierre-Quirny-Sarah-Dupre-et-Charles-Michiels-_o.jpg 1600w\" sizes=\"auto, (max-width: 1024px) 100vw, 1024px\" \/><\/figure>\n<\/figure>\n\n\n\n<p><\/p>\n\n\n\n<p><\/p>\n\n\n\n<h2 class=\"wp-block-heading\">Tapapeur?!<\/h2>\n\n\n\n<figure class=\"wp-block-gallery has-nested-images columns-default is-cropped wp-block-gallery-2 is-layout-flex wp-block-gallery-is-layout-flex\">\n<figure class=\"wp-block-image size-large\"><img loading=\"lazy\" decoding=\"async\" width=\"1024\" height=\"683\" data-id=\"68\" src=\"https:\/\/clapduo.be\/wp-content\/uploads\/2026\/03\/TAPAPEUR-Charles-Michiels-Christophe-Herrada-et-Pierre-Quiriny-Copyright-Elsa-Verhoeven--1024x683.jpg\" alt=\"\" class=\"wp-image-68\" srcset=\"https:\/\/clapduo.be\/wp-content\/uploads\/2026\/03\/TAPAPEUR-Charles-Michiels-Christophe-Herrada-et-Pierre-Quiriny-Copyright-Elsa-Verhoeven--1024x683.jpg 1024w, https:\/\/clapduo.be\/wp-content\/uploads\/2026\/03\/TAPAPEUR-Charles-Michiels-Christophe-Herrada-et-Pierre-Quiriny-Copyright-Elsa-Verhoeven--300x200.jpg 300w, https:\/\/clapduo.be\/wp-content\/uploads\/2026\/03\/TAPAPEUR-Charles-Michiels-Christophe-Herrada-et-Pierre-Quiriny-Copyright-Elsa-Verhoeven--768x512.jpg 768w, https:\/\/clapduo.be\/wp-content\/uploads\/2026\/03\/TAPAPEUR-Charles-Michiels-Christophe-Herrada-et-Pierre-Quiriny-Copyright-Elsa-Verhoeven--1536x1024.jpg 1536w, https:\/\/clapduo.be\/wp-content\/uploads\/2026\/03\/TAPAPEUR-Charles-Michiels-Christophe-Herrada-et-Pierre-Quiriny-Copyright-Elsa-Verhoeven--2048x1365.jpg 2048w\" sizes=\"auto, (max-width: 1024px) 100vw, 1024px\" \/><\/figure>\n\n\n\n<figure class=\"wp-block-image size-large\"><img loading=\"lazy\" decoding=\"async\" width=\"1000\" height=\"667\" data-id=\"69\" src=\"https:\/\/clapduo.be\/wp-content\/uploads\/2026\/03\/Tapapeur-Christophe-Herrada-Pierre-Quiriny-et-Charles-Michiels-\u00a9-FW-B-Jean-POUCET-2.jpg\" alt=\"\" class=\"wp-image-69\" srcset=\"https:\/\/clapduo.be\/wp-content\/uploads\/2026\/03\/Tapapeur-Christophe-Herrada-Pierre-Quiriny-et-Charles-Michiels-\u00a9-FW-B-Jean-POUCET-2.jpg 1000w, https:\/\/clapduo.be\/wp-content\/uploads\/2026\/03\/Tapapeur-Christophe-Herrada-Pierre-Quiriny-et-Charles-Michiels-\u00a9-FW-B-Jean-POUCET-2-300x200.jpg 300w, https:\/\/clapduo.be\/wp-content\/uploads\/2026\/03\/Tapapeur-Christophe-Herrada-Pierre-Quiriny-et-Charles-Michiels-\u00a9-FW-B-Jean-POUCET-2-768x512.jpg 768w\" sizes=\"auto, (max-width: 1000px) 100vw, 1000px\" \/><\/figure>\n<\/figure>\n","protected":false},"excerpt":{"rendered":"<p>Tooma\u00ef des \u00e9l\u00e9phants Tapapeur?!<\/p>\n","protected":false},"author":2,"featured_media":0,"parent":0,"menu_order":0,"comment_status":"closed","ping_status":"closed","template":"","meta":{"footnotes":""},"class_list":["post-65","page","type-page","status-publish","hentry"],"yoast_head":"<!-- This site is optimized with the Yoast SEO plugin v27.0 - https:\/\/yoast.com\/product\/yoast-seo-wordpress\/ -->\n<title>Archives - Clap Duo !<\/title>\n<meta name=\"robots\" content=\"index, follow, max-snippet:-1, max-image-preview:large, max-video-preview:-1\" \/>\n<link rel=\"canonical\" href=\"https:\/\/clapduo.be\/?page_id=65\" \/>\n<meta property=\"og:locale\" content=\"fr_FR\" \/>\n<meta property=\"og:type\" content=\"article\" \/>\n<meta property=\"og:title\" content=\"Archives - Clap Duo !\" \/>\n<meta property=\"og:description\" content=\"Tooma\u00ef des \u00e9l\u00e9phants Tapapeur?!\" \/>\n<meta property=\"og:url\" content=\"https:\/\/clapduo.be\/?page_id=65\" \/>\n<meta property=\"og:site_name\" content=\"Clap Duo !\" \/>\n<meta property=\"article:modified_time\" content=\"2026-03-05T16:32:21+00:00\" \/>\n<meta property=\"og:image\" content=\"https:\/\/clapduo.be\/wp-content\/uploads\/2026\/03\/Toomai-des-elephants-2016-Pierre-Quirny-Sarah-Dupre-et-Charles-Michiels-_o.jpg\" \/>\n\t<meta property=\"og:image:width\" content=\"1600\" \/>\n\t<meta property=\"og:image:height\" content=\"1067\" \/>\n\t<meta property=\"og:image:type\" content=\"image\/jpeg\" \/>\n<meta name=\"twitter:card\" content=\"summary_large_image\" \/>\n<meta name=\"twitter:label1\" content=\"Dur\u00e9e de lecture est.\" \/>\n\t<meta name=\"twitter:data1\" content=\"1 minute\" \/>\n<script type=\"application\/ld+json\" class=\"yoast-schema-graph\">{\"@context\":\"https:\/\/schema.org\",\"@graph\":[{\"@type\":\"WebPage\",\"@id\":\"https:\/\/clapduo.be\/?page_id=65\",\"url\":\"https:\/\/clapduo.be\/?page_id=65\",\"name\":\"Archives - Clap Duo !\",\"isPartOf\":{\"@id\":\"https:\/\/clapduo.be\/#website\"},\"primaryImageOfPage\":{\"@id\":\"https:\/\/clapduo.be\/?page_id=65#primaryimage\"},\"image\":{\"@id\":\"https:\/\/clapduo.be\/?page_id=65#primaryimage\"},\"thumbnailUrl\":\"https:\/\/clapduo.be\/wp-content\/uploads\/2026\/03\/Toomai-des-elephants-2016-Pierre-Quirny-Sarah-Dupre-et-Charles-Michiels-_o-1024x683.jpg\",\"datePublished\":\"2026-03-05T16:30:12+00:00\",\"dateModified\":\"2026-03-05T16:32:21+00:00\",\"breadcrumb\":{\"@id\":\"https:\/\/clapduo.be\/?page_id=65#breadcrumb\"},\"inLanguage\":\"fr-BE\",\"potentialAction\":[{\"@type\":\"ReadAction\",\"target\":[\"https:\/\/clapduo.be\/?page_id=65\"]}]},{\"@type\":\"ImageObject\",\"inLanguage\":\"fr-BE\",\"@id\":\"https:\/\/clapduo.be\/?page_id=65#primaryimage\",\"url\":\"https:\/\/clapduo.be\/wp-content\/uploads\/2026\/03\/Toomai-des-elephants-2016-Pierre-Quirny-Sarah-Dupre-et-Charles-Michiels-_o.jpg\",\"contentUrl\":\"https:\/\/clapduo.be\/wp-content\/uploads\/2026\/03\/Toomai-des-elephants-2016-Pierre-Quirny-Sarah-Dupre-et-Charles-Michiels-_o.jpg\",\"width\":1600,\"height\":1067},{\"@type\":\"BreadcrumbList\",\"@id\":\"https:\/\/clapduo.be\/?page_id=65#breadcrumb\",\"itemListElement\":[{\"@type\":\"ListItem\",\"position\":1,\"name\":\"Accueil\",\"item\":\"https:\/\/clapduo.be\/\"},{\"@type\":\"ListItem\",\"position\":2,\"name\":\"Archives\"}]},{\"@type\":\"WebSite\",\"@id\":\"https:\/\/clapduo.be\/#website\",\"url\":\"https:\/\/clapduo.be\/\",\"name\":\"Clap Duo !\",\"description\":\"\",\"potentialAction\":[{\"@type\":\"SearchAction\",\"target\":{\"@type\":\"EntryPoint\",\"urlTemplate\":\"https:\/\/clapduo.be\/?s={search_term_string}\"},\"query-input\":{\"@type\":\"PropertyValueSpecification\",\"valueRequired\":true,\"valueName\":\"search_term_string\"}}],\"inLanguage\":\"fr-BE\"}]}<\/script>\n<!-- \/ Yoast SEO plugin. -->","yoast_head_json":{"title":"Archives - Clap Duo !","robots":{"index":"index","follow":"follow","max-snippet":"max-snippet:-1","max-image-preview":"max-image-preview:large","max-video-preview":"max-video-preview:-1"},"canonical":"https:\/\/clapduo.be\/?page_id=65","og_locale":"fr_FR","og_type":"article","og_title":"Archives - Clap Duo !","og_description":"Tooma\u00ef des \u00e9l\u00e9phants Tapapeur?!","og_url":"https:\/\/clapduo.be\/?page_id=65","og_site_name":"Clap Duo !","article_modified_time":"2026-03-05T16:32:21+00:00","og_image":[{"width":1600,"height":1067,"url":"https:\/\/clapduo.be\/wp-content\/uploads\/2026\/03\/Toomai-des-elephants-2016-Pierre-Quirny-Sarah-Dupre-et-Charles-Michiels-_o.jpg","type":"image\/jpeg"}],"twitter_card":"summary_large_image","twitter_misc":{"Dur\u00e9e de lecture est.":"1 minute"},"schema":{"@context":"https:\/\/schema.org","@graph":[{"@type":"WebPage","@id":"https:\/\/clapduo.be\/?page_id=65","url":"https:\/\/clapduo.be\/?page_id=65","name":"Archives - Clap Duo !","isPartOf":{"@id":"https:\/\/clapduo.be\/#website"},"primaryImageOfPage":{"@id":"https:\/\/clapduo.be\/?page_id=65#primaryimage"},"image":{"@id":"https:\/\/clapduo.be\/?page_id=65#primaryimage"},"thumbnailUrl":"https:\/\/clapduo.be\/wp-content\/uploads\/2026\/03\/Toomai-des-elephants-2016-Pierre-Quirny-Sarah-Dupre-et-Charles-Michiels-_o-1024x683.jpg","datePublished":"2026-03-05T16:30:12+00:00","dateModified":"2026-03-05T16:32:21+00:00","breadcrumb":{"@id":"https:\/\/clapduo.be\/?page_id=65#breadcrumb"},"inLanguage":"fr-BE","potentialAction":[{"@type":"ReadAction","target":["https:\/\/clapduo.be\/?page_id=65"]}]},{"@type":"ImageObject","inLanguage":"fr-BE","@id":"https:\/\/clapduo.be\/?page_id=65#primaryimage","url":"https:\/\/clapduo.be\/wp-content\/uploads\/2026\/03\/Toomai-des-elephants-2016-Pierre-Quirny-Sarah-Dupre-et-Charles-Michiels-_o.jpg","contentUrl":"https:\/\/clapduo.be\/wp-content\/uploads\/2026\/03\/Toomai-des-elephants-2016-Pierre-Quirny-Sarah-Dupre-et-Charles-Michiels-_o.jpg","width":1600,"height":1067},{"@type":"BreadcrumbList","@id":"https:\/\/clapduo.be\/?page_id=65#breadcrumb","itemListElement":[{"@type":"ListItem","position":1,"name":"Accueil","item":"https:\/\/clapduo.be\/"},{"@type":"ListItem","position":2,"name":"Archives"}]},{"@type":"WebSite","@id":"https:\/\/clapduo.be\/#website","url":"https:\/\/clapduo.be\/","name":"Clap Duo !","description":"","potentialAction":[{"@type":"SearchAction","target":{"@type":"EntryPoint","urlTemplate":"https:\/\/clapduo.be\/?s={search_term_string}"},"query-input":{"@type":"PropertyValueSpecification","valueRequired":true,"valueName":"search_term_string"}}],"inLanguage":"fr-BE"}]}},"_links":{"self":[{"href":"https:\/\/clapduo.be\/index.php?rest_route=\/wp\/v2\/pages\/65","targetHints":{"allow":["GET"]}}],"collection":[{"href":"https:\/\/clapduo.be\/index.php?rest_route=\/wp\/v2\/pages"}],"about":[{"href":"https:\/\/clapduo.be\/index.php?rest_route=\/wp\/v2\/types\/page"}],"author":[{"embeddable":true,"href":"https:\/\/clapduo.be\/index.php?rest_route=\/wp\/v2\/users\/2"}],"replies":[{"embeddable":true,"href":"https:\/\/clapduo.be\/index.php?rest_route=%2Fwp%2Fv2%2Fcomments&post=65"}],"version-history":[{"count":3,"href":"https:\/\/clapduo.be\/index.php?rest_route=\/wp\/v2\/pages\/65\/revisions"}],"predecessor-version":[{"id":71,"href":"https:\/\/clapduo.be\/index.php?rest_route=\/wp\/v2\/pages\/65\/revisions\/71"}],"wp:attachment":[{"href":"https:\/\/clapduo.be\/index.php?rest_route=%2Fwp%2Fv2%2Fmedia&parent=65"}],"curies":[{"name":"wp","href":"https:\/\/api.w.org\/{rel}","templated":true}]}}